{"id":19,"date":"2019-04-09T11:36:58","date_gmt":"2019-04-09T09:36:58","guid":{"rendered":"https:\/\/www.svmed.ch\/rapport-2022\/?page_id=19"},"modified":"2023-01-09T17:01:12","modified_gmt":"2023-01-09T16:01:12","slug":"nouveaux-membres","status":"publish","type":"page","link":"https:\/\/www.svmed.ch\/rapport-2022\/nouveaux-membres\/","title":{"rendered":"Nouveaux membres"},"content":{"rendered":"<div class=\"the-content\"><p>Bienvenue aux 216 m\u00e9decins qui ont rejoint la SVM durant l&rsquo;ann\u00e9e 2022 (dont, pour la quatri\u00e8me ann\u00e9e cons\u00e9cutive, une majorit\u00e9 de femmes avec 61% de repr\u00e9sentantes) ! Il s&rsquo;agit de Mesdames et Messieurs les Docteurs:<\/p>\n<ul>\n<li>ALLOUCHE Hatem<br \/>\nANDREANI Am\u00e9lie Zo\u00e9<br \/>\nANDRIEUX Benjamin<br \/>\nANDRIEUX-CHASTONAY Elodie<br \/>\nANTUNES Carolina<br \/>\nARNOULT Anne-C\u00e9cile<br \/>\nASSANDRI Francesca<br \/>\nAUGUSTE Riddley<br \/>\nAVDIU Faruk<br \/>\nBAERT Jonathan<br \/>\nBARRAUD Chlo\u00e9 Nathalie Sonia<br \/>\nBASBOUS Mohamed<br \/>\nBASTERRECHEA Gustavo<br \/>\nBAUDAT Dimitri<br \/>\nBAWA WAGBE Kadira<br \/>\nBELFONTALI Valentina<br \/>\nBELMEJDOUB Yacine<br \/>\nBEN ABDELJELIL Hassen<br \/>\nBENCHOUK Samy<br \/>\nBENNANI Alice<br \/>\nBERLINCOURT Fanny<br \/>\nBESSE-MOULIN Sarah<br \/>\nBHOURI Nihed<br \/>\nBORNET Marc-Antoine<br \/>\nBOURGEOIS Marta<br \/>\nBOUTIN Ad\u00e9la\u00efde<br \/>\nBOYER Marie Sandy<br \/>\nBURNAND J\u00e9r\u00f4me<br \/>\nCAI Fang<br \/>\nCALBA Lorraine<br \/>\nCAMPINS Matias Jose<br \/>\nCANCELLI Timmy<br \/>\nCANCELLI Emmanuelle<br \/>\nCARRASCO LUNA Marta<br \/>\nCHEBBI Rahma<br \/>\nCHERBUIN-MOUVET Victoria In\u00e8s<br \/>\nCHOFFAT-DUSS Caroline<br \/>\nCHOQUARD Morgane<br \/>\nCHRISTEN-ZACH St\u00e9phanie<br \/>\nCOATTRENEC Yann<br \/>\nCONSTANTIN Florin<br \/>\nCRAIGHERO Raffaella<br \/>\nDA COSTA FERREIRA DE FRIAS PINTO Alexandre<br \/>\nDA COSTA-DEMAUREX Claire<br \/>\nDAFERERARS Georgios<br \/>\nDAGON Aur\u00e9lie<br \/>\nDE ALENCASTRO Lionel<br \/>\nDE SOUZA Daniel<br \/>\nDEGROOTE Jonathan<br \/>\nDELARIVE Tania<br \/>\nDELATTRE Dominique<br \/>\nDI MASCIO G\u00e9rard<br \/>\nDISERENS C\u00e9cile<br \/>\nDONZELLI Ambra<br \/>\nDURRER Isabelle<br \/>\nDUVOISIN Gilles<br \/>\nECKER Timo Michael<br \/>\nEL WARDANI Mohamad<br \/>\nFANTANA Elena-Cristina<br \/>\nFARRON Am\u00e9lie<br \/>\nFERRAO-PHAN THANH Mai V\u00e2n Annie<br \/>\nFILLET Pauline<br \/>\nFONTAINE Eya<br \/>\nFORNACIARI Paolo<br \/>\nFORNERIS Alexandre<br \/>\nFRANTZ Johanna<br \/>\nFUHRMANN Edya<br \/>\nFUMEAUX Alexandre<br \/>\nGAGEY Thomas<br \/>\nGARCIA Cristina<br \/>\nGARNIER Antoine<br \/>\nGEORGOULIA Afroditi<br \/>\nGIACCHI Elena<br \/>\nGIDOIN Stacey<br \/>\nGILLES DE PELICHY Estelle<br \/>\nGKAGKALIS Georgios<br \/>\nGRADOUX Eug\u00e9nie<br \/>\nGRAF Guillaume<br \/>\nGRUJIC Jelena<br \/>\nGUERIN-PFYFFER Sophie<br \/>\nGUILLOD Line<br \/>\nHAGGENJOS Manuela<br \/>\nHANSEN-PHAM Catrina<br \/>\nHEINEN-VEES Caroline Victoria<br \/>\nHENCHOZ Sarah<br \/>\nHO Luc Ka Sing<br \/>\nHOANG Bianca<br \/>\nHUCHMANDZADEH Mitra<br \/>\nJACCARD Vincent Philippe<br \/>\nJATON Laure<br \/>\nJEANGROS Carole<br \/>\nJUCHLER C\u00e9line<br \/>\nJULITA Tina<br \/>\nJULITA Lo\u00efc<br \/>\nJURGUTIENE Vaiva<br \/>\nKALONJI Tshibangu<br \/>\nKALSER Judith<br \/>\nKAWASAKI Aki<br \/>\nKLEIMBERG Margaux<br \/>\nKLINKE Vincenzo<br \/>\nKOHLI RIBEIRO St\u00e9phanie<br \/>\nKOUROUPI Eirini<br \/>\nKRAEGE Vanessa &#8211; Roisin<br \/>\nKRSTEVA GAMBA Biljana<br \/>\nLANG Caroline<br \/>\nLAVDA Panagiota<br \/>\nLE POGAM Marie-Annick<br \/>\nLEPORI Morgane<br \/>\nLESTRADE La\u00ebtitia<br \/>\nLEUZINGER Salom\u00e9 Juliane<br \/>\nLIVET Antoine<br \/>\nLYKO Christina<br \/>\nM\u00c4DER Ya\u00ebl<br \/>\nMAENDLY Caroline<br \/>\nMAGANE-MESSAOUDI Farida<br \/>\nMAHMOUDI Karima<br \/>\nMAILLEFER Aude<br \/>\nMAJLATH Melinda<br \/>\nMANZANARES MONAGAS Oana Elizabeth<br \/>\nMARION I MORON Inaki<br \/>\nMARRAS Sandra<br \/>\nMARTIN Magali<br \/>\nMARTIN Marija<br \/>\nMASSA Horace<br \/>\nMAUERHOFER CUANY Aur\u00e9lie Anne<br \/>\nMAYE Hugo<br \/>\nMEDJMADJ Sara<br \/>\nMENGIN Caroline<br \/>\nMERANDON Sol\u00e8ne<br \/>\nMERCKAERT Sophie<br \/>\nMERCKAERT Sophie<br \/>\nMERSNI Mourad<br \/>\nMEYER HARBARTH Marianne<br \/>\nMOGNETTI Pierre-Fr\u00e9d\u00e9ric<br \/>\nMONNIER Sandra Mich\u00e8le<br \/>\nMONSELLATO Ermelinda<br \/>\nMORATTEL Boris<br \/>\nMORET Emmanuelle<br \/>\nMOSCHOURI Eleni<br \/>\nMOURON &#8211; HRYCIUK Julie<br \/>\nMUFF Guillaume<br \/>\nMYKONIATI Sofia<br \/>\nNCHIMI NGAWA Christine Sandrine<br \/>\nNEY Barbara<br \/>\nNICOLLIER Ludivine M\u00e9lody<br \/>\nNIEDERHAUSER Nad\u00e8ge Sixtine<br \/>\nNOCAUDIE Didier<br \/>\nNOZIC Adnan<br \/>\nNSANZINEZA Olivia<br \/>\nOMAY Oguz<br \/>\nONGARO Gioele<br \/>\nOUDAR Philippe<br \/>\nPAGE Gonzague<br \/>\nPANTET R\u00e9my<br \/>\nPANZERI Marco<br \/>\nPASSEGGERI Marzia<br \/>\nPAWLAK S\u00e9bastien<br \/>\nPAYET Clothide<br \/>\nPELLENC Quentin<br \/>\nPEREZ GONZALEZ Estefania<br \/>\nPHAN THANH Th\u00f9y Ch\u00e2u Jo\u00eblle<br \/>\nPICHON-KOTALAWALA Nuvira<br \/>\nPREGER Jorge<br \/>\nRathod Anita<br \/>\nRHYNER Patrick<br \/>\nROBERT Thomas<br \/>\nROCCA Alda<br \/>\nROSSI-MOSSUTI Fr\u00e9d\u00e9ric<br \/>\nROTZINGER David<br \/>\nROUCHE Amir<br \/>\nROUILLER-BRAUNSCHWEIG Carole<br \/>\nROUMY-KHENTIT Aur\u00e9lien<br \/>\nRUEDA ROMERO Carolina<br \/>\nSADEGHI-ROULIN Yalda<br \/>\nSAGEZ Julien<br \/>\nSAVOY Mona<br \/>\nSCHAER Benjamin<br \/>\nSCH\u00c4R Catherine<br \/>\nSCHL\u00c4PFER Pierre<br \/>\nSCHNIDER Caroline<br \/>\nSEREX Charles-Arnaud<br \/>\nSIEGRIST V\u00e9ronique<br \/>\nSIMONI Chiara<br \/>\nSIRAKOVA Mariela<br \/>\nSPASOJEVIC Milica<br \/>\nSP\u00d6RRI Diego<br \/>\nSTADLER Michaela<br \/>\nSTAMM Elisabeth<br \/>\nSTAPPLER Th\u00e9odor<br \/>\nSTEFANESCU Adrian<br \/>\nSTEINMETZ Sylvain<br \/>\nSUILLOT-HOFSTETTER Jo\u00eblle H\u00e9l\u00e9ne<br \/>\nSZITA Gillian<br \/>\nTARABAY Antonio<br \/>\nTHEIN Eric<br \/>\nTHELIN G\u00e9raldine<br \/>\nTISSANDIER C\u00f4me<br \/>\nTOMONAGA Yoko<br \/>\nTRANDAFIR Stefan-Georgian<br \/>\nTSCHOPP Jonathan<br \/>\nTZIFRA Eleni<br \/>\nURENA Catherina<br \/>\nVALERIO Flore Daphn\u00e9<br \/>\nVALLAT Julie<br \/>\nVAN LECKWYCK Lara<br \/>\nVANKATOVA Lenka<br \/>\nVERDI Giovanna<br \/>\nWALCH Robin<br \/>\nWEGM\u00dcLLER Guillaume<br \/>\nWEISS Lucien<br \/>\nWELKER Joris<br \/>\nWENGER-BONNY Coralie<br \/>\nYERLY Nathalie Kim Mai<br \/>\nZAUGG Patrice<br \/>\nZEROUALA BOUSSAHA Farah<br \/>\nZURITA Santiago Jean-Paul<\/li>\n<\/ul>\n<\/div>","protected":false},"excerpt":{"rendered":"<p>Bienvenue aux 216 m\u00e9decins qui ont rejoint la SVM durant l&rsquo;ann\u00e9e 2022 (dont, pour la quatri\u00e8me ann\u00e9e cons\u00e9cutive, une majorit\u00e9 de femmes avec 61% de repr\u00e9sentantes) ! Il s&rsquo;agit de Mesdames et Messieurs les Docteurs: ALLOUCHE Hatem ANDREANI Am\u00e9lie Zo\u00e9 ANDRIEUX Benjamin ANDRIEUX-CHASTONAY Elodie ANTUNES Carolina ARNOULT Anne-C\u00e9cile ASSANDRI Francesca AUGUSTE Riddley AVDIU Faruk BAERT [&hellip;]<\/p>\n","protected":false},"author":1,"featured_media":0,"parent":0,"menu_order":0,"comment_status":"closed","ping_status":"closed","template":"","meta":{"_acf_changed":false,"inline_featured_image":false,"footnotes":""},"class_list":["post-19","page","type-page","status-publish","hentry"],"acf":[],"publishpress_future_action":{"enabled":false,"date":"2026-04-20 17:08:42","action":"change-status","newStatus":"draft","terms":[],"taxonomy":"","extraData":[]},"publishpress_future_workflow_manual_trigger":{"enabledWorkflows":[]},"_links":{"self":[{"href":"https:\/\/www.svmed.ch\/rapport-2022\/wp-json\/wp\/v2\/pages\/19","targetHints":{"allow":["GET"]}}],"collection":[{"href":"https:\/\/www.svmed.ch\/rapport-2022\/wp-json\/wp\/v2\/pages"}],"about":[{"href":"https:\/\/www.svmed.ch\/rapport-2022\/wp-json\/wp\/v2\/types\/page"}],"author":[{"embeddable":true,"href":"https:\/\/www.svmed.ch\/rapport-2022\/wp-json\/wp\/v2\/users\/1"}],"replies":[{"embeddable":true,"href":"https:\/\/www.svmed.ch\/rapport-2022\/wp-json\/wp\/v2\/comments?post=19"}],"version-history":[{"count":17,"href":"https:\/\/www.svmed.ch\/rapport-2022\/wp-json\/wp\/v2\/pages\/19\/revisions"}],"predecessor-version":[{"id":1527,"href":"https:\/\/www.svmed.ch\/rapport-2022\/wp-json\/wp\/v2\/pages\/19\/revisions\/1527"}],"wp:attachment":[{"href":"https:\/\/www.svmed.ch\/rapport-2022\/wp-json\/wp\/v2\/media?parent=19"}],"curies":[{"name":"wp","href":"https:\/\/api.w.org\/{rel}","templated":true}]}}