{"id":2,"date":"2019-04-09T11:19:19","date_gmt":"2019-04-09T09:19:19","guid":{"rendered":"https:\/\/www.svmed.ch\/rapport-2022\/?page_id=2"},"modified":"2023-04-03T10:45:49","modified_gmt":"2023-04-03T08:45:49","slug":"page-d-exemple","status":"publish","type":"page","link":"https:\/\/www.svmed.ch\/rapport-2022\/","title":{"rendered":"Accueil"},"content":{"rendered":"<div class=\"the-content\"><p>L\u2019ann\u00e9e 2022 de la SVM fut \u00e0 nouveau un mill\u00e9sime riche, autant du point de vue de notre vie associative que de l\u2019environnement multi-dimensionnel dans lequel les m\u00e9decins vaudois \u00e9voluent. La lecture des diff\u00e9rents textes de ce rapport, que je recommande vivement, vous en donnera l\u2019aper\u00e7u.<\/p>\n<p>Avant toutes choses, je veux ici d\u2019abord relever la carri\u00e8re exceptionnelle de notre secr\u00e9taire g\u00e9n\u00e9ral sortant, Pierre-Andr\u00e9 Repond, qui aura servi avec d\u00e9vouement le corps m\u00e9dical vaudois pendant pas moins d\u2019un quart de si\u00e8cle\u00a0! Au nom de l\u2019ensemble de la SVM, qui lui doit tant, je lui adresse encore une fois un immense merci. Bienvenue et merci \u00e9galement \u00e0 notre nouveau secr\u00e9taire g\u00e9n\u00e9ral Steve Aeschlimann, qui a su pendant quatre mois \u00eatre l\u2019autre bin\u00f4me parfait d\u2019une p\u00e9riode de transition r\u00e9ussie et qui va maintenant pouvoir nous faire profiter de ses comp\u00e9tences.<\/p>\n<\/div>","protected":false},"excerpt":{"rendered":"<p>L\u2019ann\u00e9e 2022 de la SVM fut \u00e0 nouveau un mill\u00e9sime riche, autant du point de vue de notre vie associative que de l\u2019environnement multi-dimensionnel dans lequel les m\u00e9decins vaudois \u00e9voluent. La lecture des diff\u00e9rents textes de ce rapport, que je recommande vivement, vous en donnera l\u2019aper\u00e7u. Avant toutes choses, je veux ici d\u2019abord relever la [&hellip;]<\/p>\n","protected":false},"author":1,"featured_media":0,"parent":0,"menu_order":0,"comment_status":"closed","ping_status":"open","template":"","meta":{"_acf_changed":false,"inline_featured_image":false,"footnotes":""},"class_list":["post-2","page","type-page","status-publish","hentry"],"acf":[],"publishpress_future_action":{"enabled":false,"date":"2026-04-20 13:57:30","action":"change-status","newStatus":"draft","terms":[],"taxonomy":"","extraData":[]},"publishpress_future_workflow_manual_trigger":{"enabledWorkflows":[]},"_links":{"self":[{"href":"https:\/\/www.svmed.ch\/rapport-2022\/wp-json\/wp\/v2\/pages\/2","targetHints":{"allow":["GET"]}}],"collection":[{"href":"https:\/\/www.svmed.ch\/rapport-2022\/wp-json\/wp\/v2\/pages"}],"about":[{"href":"https:\/\/www.svmed.ch\/rapport-2022\/wp-json\/wp\/v2\/types\/page"}],"author":[{"embeddable":true,"href":"https:\/\/www.svmed.ch\/rapport-2022\/wp-json\/wp\/v2\/users\/1"}],"replies":[{"embeddable":true,"href":"https:\/\/www.svmed.ch\/rapport-2022\/wp-json\/wp\/v2\/comments?post=2"}],"version-history":[{"count":261,"href":"https:\/\/www.svmed.ch\/rapport-2022\/wp-json\/wp\/v2\/pages\/2\/revisions"}],"predecessor-version":[{"id":1887,"href":"https:\/\/www.svmed.ch\/rapport-2022\/wp-json\/wp\/v2\/pages\/2\/revisions\/1887"}],"wp:attachment":[{"href":"https:\/\/www.svmed.ch\/rapport-2022\/wp-json\/wp\/v2\/media?parent=2"}],"curies":[{"name":"wp","href":"https:\/\/api.w.org\/{rel}","templated":true}]}}