{"id":232,"date":"2019-05-01T13:51:03","date_gmt":"2019-05-01T11:51:03","guid":{"rendered":"https:\/\/www.svmed.ch\/rapport-2022\/?page_id=232"},"modified":"2023-01-16T12:20:49","modified_gmt":"2023-01-16T11:20:49","slug":"gmems","status":"publish","type":"page","link":"https:\/\/www.svmed.ch\/rapport-2022\/rapports\/gmems\/","title":{"rendered":"Groupement des m\u00e9decins travaillant en \u00e9tablissement m\u00e9dico-social"},"content":{"rendered":"<div class=\"the-content\"><p>Sur le front du Covid-19, l\u2019ann\u00e9e 2022 a \u00e9t\u00e9 caract\u00e9ris\u00e9e par un retour progressif \u00e0 la normale. Les directives cantonales concernant les mesures de protection et la prise en charge des r\u00e9sidents d\u2019EMS ont laiss\u00e9 la place aux recommandations HPCI et les campagnes de vaccination sont quasiment devenues la routine dans les EMS vaudois.<\/p>\n<p>Lors de l\u2019Assembl\u00e9e g\u00e9n\u00e9rale du 24 novembre, les membres du Groupement des m\u00e9decins travaillant en \u00e9tablissement m\u00e9dico-social (GMEMS) ont accept\u00e9 la modification de l\u2019art. 4 des statuts propos\u00e9e par le comit\u00e9, \u00e0 savoir l\u2019\u00e9largissement du nombre des membres du comit\u00e9 \u00e0 un minimum de cinq et un maximum de neuf m\u00e9decins. Les membres du comit\u00e9 ont eu le plaisir d\u2019accueillir en leur sein les Dr Nicolas Vallelian, m\u00e9decin g\u00e9n\u00e9raliste et responsable d\u2019un EMS lausannois ainsi que le Dr Bahman Moheb, m\u00e9decin g\u00e9riatre et responsable du Domaine de la Gracieuse \u00e0 Lonay. Nous les f\u00e9licitons pour leur brillante \u00e9lection et nous nous r\u00e9jouissons de pouvoir compter sur leur collaboration.<\/p>\n<div id=\"attachment_1713\" style=\"width: 1077px\" class=\"wp-caption alignnone\"><img loading=\"lazy\" decoding=\"async\" aria-describedby=\"caption-attachment-1713\" class=\"wp-image-1713\" src=\"https:\/\/www.svmed.ch\/rapport-2022\/wp-content\/uploads\/sites\/28\/2023\/01\/cmv-baumettes-0527.jpg\" alt=\"\" width=\"1067\" height=\"800\" srcset=\"https:\/\/www.svmed.ch\/rapport-2022\/wp-content\/uploads\/sites\/28\/2023\/01\/cmv-baumettes-0527.jpg 2560w, https:\/\/www.svmed.ch\/rapport-2022\/wp-content\/uploads\/sites\/28\/2023\/01\/cmv-baumettes-0527-300x225.jpg 300w, https:\/\/www.svmed.ch\/rapport-2022\/wp-content\/uploads\/sites\/28\/2023\/01\/cmv-baumettes-0527-1024x768.jpg 1024w, https:\/\/www.svmed.ch\/rapport-2022\/wp-content\/uploads\/sites\/28\/2023\/01\/cmv-baumettes-0527-768x576.jpg 768w, https:\/\/www.svmed.ch\/rapport-2022\/wp-content\/uploads\/sites\/28\/2023\/01\/cmv-baumettes-0527-1707x1280.jpg 1707w, https:\/\/www.svmed.ch\/rapport-2022\/wp-content\/uploads\/sites\/28\/2023\/01\/cmv-baumettes-0527-1536x1152.jpg 1536w, https:\/\/www.svmed.ch\/rapport-2022\/wp-content\/uploads\/sites\/28\/2023\/01\/cmv-baumettes-0527-2048x1536.jpg 2048w\" sizes=\"auto, (max-width: 1067px) 100vw, 1067px\" \/><p id=\"caption-attachment-1713\" class=\"wp-caption-text\"><em>\u00a9 Laurent Kaczor<\/em><\/p><\/div>\n<h2>Riche programme de formation continue, \u00e9tudes cliniques plus inclusives<\/h2>\n<p>Au niveau des formations organis\u00e9es par le GMEMS en 2022, rappelons l\u2019excellente formation continue donn\u00e9e le 12 mai par la Dre Daniela Sofra sur la \u00ab\u00a0Diab\u00e9tologie en EMS\u00a0\u00bb, le point de situation sur les \u00ab\u00a0Cercles de qualit\u00e9 en EMS\u00a0: vers l\u2019analyse au lit du malade\u00a0?\u00a0\u00bb donn\u00e9e par Mme Niquille et M. Cateau le 29 septembre, ainsi que la pr\u00e9sentation tr\u00e8s interactive donn\u00e9e en novembre conjointement par Mme Seingre, Mme Panchard et le Dr Python sur \u00ab le fonctionnement de la commission d\u2019examen des plaintes au travers d\u2019exemples concrets\u00a0\u00bb.<\/p>\n<p>En 2022, nous avons constat\u00e9 avec plaisir que la tendance des derni\u00e8res ann\u00e9es d\u2019inclure aussi le grand \u00e2ge (personnes de 80 ans et plus) dans les \u00e9tudes cliniques s\u2019est acc\u00e9l\u00e9r\u00e9e\u00a0et les m\u00e9decins d\u2019EMS ont re\u00e7u plusieurs sollicitations \u00e0 inclure les r\u00e9sidents dans des \u00e9tudes cliniques diverses. Citons ici l\u2019\u00e9tude STREAM qui s\u2019est fix\u00e9e comme objectif d\u2019\u00e9valuer l\u2019utilit\u00e9 des statines en pr\u00e9vention primaire\u00a0; l\u2019\u00e9tude OPTI-RESP qui aimerait savoir si le dosage de la Procalcitonine et de la CRP (prot\u00e9ine C r\u00e9active) permettrait d\u2019\u00e9viter la prescription inutile d\u2019antibiotiques lors d\u2019infection des voies respiratoires basses et l\u2019\u00e9tude \u00ab\u00a0D\u00e9sir de vivre\u00a0\u00bb qui \u00e9value la qualit\u00e9 de vie des r\u00e9sidents d\u2019EMS.<\/p>\n<h2>R\u00e9ponse en cours \u00e0 la motion Vuillemin<\/h2>\n<p>L\u2019\u00e9v\u00e8nement le plus marquant de 2022 est certainement le d\u00e9but des travaux des groupes multidisciplinaires pour r\u00e9pondre \u00e0 la motion Vuillemin. Notre confr\u00e8re le Dr Philippe Vuillemin, membre du comit\u00e9 du GMEMS et ex-d\u00e9put\u00e9, avait d\u00e9pos\u00e9 en 2020 une motion aupr\u00e8s du Grand Conseil vaudois intitul\u00e9e \u00ab\u00a0Revoir la LPFES \u00e0 la lumi\u00e8re de l&rsquo;\u00e9volution m\u00e9dico-sociale en EMS\u00a0\u00bb. Son but\u00a0: donner plus de moyens aux EMS et EPSM pour faire face aux cas de plus en plus complexes accueillis au sein des EMS. Mme Ruiz, cheffe du D\u00e9partement de la sant\u00e9 et de l\u2019action sociale, a charg\u00e9 M. Ghelfi de diriger les travaux.<\/p>\n<p>Une organisation sur quatre axes a \u00e9t\u00e9 mise en place, avec la cr\u00e9ation de plusieurs groupes de travail auxquels le GMEMS est invit\u00e9 \u00e0 participer. Au vu de la complexit\u00e9 du syst\u00e8me mis en place et des possibles r\u00e9percussions sur toute la cha\u00eene de soins, le travail qui nous attend s\u2019annonce titanesque et une proposition de changement de la loi n\u2019est pas attendu avant 2026. Nous aurons le temps de vous tenir au courant de l\u2019\u00e9volution des r\u00e9flexions au cours des prochaines ann\u00e9es\u2026<\/p>\n<p>&nbsp;<\/p>\n<p><strong>Dre Tosca Bizzozzero<\/strong><br \/>\nPr\u00e9sidente du Groupement des m\u00e9decins travaillant en \u00e9tablissement m\u00e9dico-social (GMEMS)<\/p>\n<p><a href=\"https:\/\/www.svmed.ch\/association\/groupements-et-commissions\/groupement-des-medecins-travaillant-en-etablissement-medico-social-gmems\/\" target=\"_blank\" rel=\"noopener noreferrer\">En savoir plus sur le GMEMS<\/a><\/p>\n<\/div>","protected":false},"excerpt":{"rendered":"<p>Sur le front du Covid-19, l\u2019ann\u00e9e 2022 a \u00e9t\u00e9 caract\u00e9ris\u00e9e par un retour progressif \u00e0 la normale. Les directives cantonales concernant les mesures de protection et la prise en charge des r\u00e9sidents d\u2019EMS ont laiss\u00e9 la place aux recommandations HPCI et les campagnes de vaccination sont quasiment devenues la routine dans les EMS vaudois. Lors [&hellip;]<\/p>\n","protected":false},"author":4,"featured_media":0,"parent":18,"menu_order":14,"comment_status":"closed","ping_status":"closed","template":"","meta":{"_acf_changed":false,"inline_featured_image":false,"footnotes":""},"class_list":["post-232","page","type-page","status-publish","hentry"],"acf":[],"publishpress_future_action":{"enabled":false,"date":"2026-04-20 15:32:29","action":"change-status","newStatus":"draft","terms":[],"taxonomy":"","extraData":[]},"publishpress_future_workflow_manual_trigger":{"enabledWorkflows":[]},"_links":{"self":[{"href":"https:\/\/www.svmed.ch\/rapport-2022\/wp-json\/wp\/v2\/pages\/232","targetHints":{"allow":["GET"]}}],"collection":[{"href":"https:\/\/www.svmed.ch\/rapport-2022\/wp-json\/wp\/v2\/pages"}],"about":[{"href":"https:\/\/www.svmed.ch\/rapport-2022\/wp-json\/wp\/v2\/types\/page"}],"author":[{"embeddable":true,"href":"https:\/\/www.svmed.ch\/rapport-2022\/wp-json\/wp\/v2\/users\/4"}],"replies":[{"embeddable":true,"href":"https:\/\/www.svmed.ch\/rapport-2022\/wp-json\/wp\/v2\/comments?post=232"}],"version-history":[{"count":23,"href":"https:\/\/www.svmed.ch\/rapport-2022\/wp-json\/wp\/v2\/pages\/232\/revisions"}],"predecessor-version":[{"id":1714,"href":"https:\/\/www.svmed.ch\/rapport-2022\/wp-json\/wp\/v2\/pages\/232\/revisions\/1714"}],"up":[{"embeddable":true,"href":"https:\/\/www.svmed.ch\/rapport-2022\/wp-json\/wp\/v2\/pages\/18"}],"wp:attachment":[{"href":"https:\/\/www.svmed.ch\/rapport-2022\/wp-json\/wp\/v2\/media?parent=232"}],"curies":[{"name":"wp","href":"https:\/\/api.w.org\/{rel}","templated":true}]}}