{"id":234,"date":"2019-05-01T13:58:09","date_gmt":"2019-05-01T11:58:09","guid":{"rendered":"https:\/\/www.svmed.ch\/rapport-2022\/?page_id=234"},"modified":"2023-02-06T18:02:01","modified_gmt":"2023-02-06T17:02:01","slug":"comoho","status":"publish","type":"page","link":"https:\/\/www.svmed.ch\/rapport-2022\/rapports\/comoho\/","title":{"rendered":"Commission de mod\u00e9ration des honoraires"},"content":{"rendered":"<div class=\"the-content\"><p>Au cours de l\u2019ann\u00e9e 2022, la Commission de mod\u00e9ration des honoraires (CoMoHo) a trait\u00e9 plus d\u2019une soixantaine d\u2019interpellations, principalement par des patients consid\u00e9rant la facture des honoraires du m\u00e9decin trop \u00e9lev\u00e9e par rapport au ressenti de la prestation m\u00e9dicale fournie. Le nombre de dossiers g\u00e9r\u00e9s par la Commission demeure ainsi constant ces derni\u00e8res ann\u00e9es.<\/p>\n<p><img loading=\"lazy\" decoding=\"async\" class=\"wp-image-1568 alignleft\" src=\"https:\/\/www.svmed.ch\/rapport-2022\/wp-content\/uploads\/sites\/28\/2023\/01\/comoho-pexels-683x1024.jpg\" alt=\"\" width=\"333\" height=\"500\" srcset=\"https:\/\/www.svmed.ch\/rapport-2022\/wp-content\/uploads\/sites\/28\/2023\/01\/comoho-pexels-683x1024.jpg 683w, https:\/\/www.svmed.ch\/rapport-2022\/wp-content\/uploads\/sites\/28\/2023\/01\/comoho-pexels-200x300.jpg 200w, https:\/\/www.svmed.ch\/rapport-2022\/wp-content\/uploads\/sites\/28\/2023\/01\/comoho-pexels-768x1152.jpg 768w, https:\/\/www.svmed.ch\/rapport-2022\/wp-content\/uploads\/sites\/28\/2023\/01\/comoho-pexels-853x1280.jpg 853w, https:\/\/www.svmed.ch\/rapport-2022\/wp-content\/uploads\/sites\/28\/2023\/01\/comoho-pexels-1024x1536.jpg 1024w, https:\/\/www.svmed.ch\/rapport-2022\/wp-content\/uploads\/sites\/28\/2023\/01\/comoho-pexels-1365x2048.jpg 1365w, https:\/\/www.svmed.ch\/rapport-2022\/wp-content\/uploads\/sites\/28\/2023\/01\/comoho-pexels-scaled.jpg 1707w\" sizes=\"auto, (max-width: 333px) 100vw, 333px\" \/><\/p>\n<p>Il est \u00e0 signaler que depuis 2022, la Loi sur l\u2019assurance maladie pr\u00e9voit d\u2019\u00e9ventuelles sanctions si les m\u00e9decins n\u2019appliquent pas l\u2019article 42 LAMal, alin\u00e9a 3, sp\u00e9cifiant que ceux-ci sont tenus de transmettre syst\u00e9matiquement au patient une copie d\u00e9taill\u00e9e et compr\u00e9hensible de la facture, ceci \u00e9galement dans le cadre du tiers payant. Le m\u00e9decin doit selon la Loi, transmettre au patient toutes les indications n\u00e9cessaires permettant de v\u00e9rifier le calcul de la r\u00e9mun\u00e9ration et le caract\u00e8re \u00e9conomique de la prestation. Le m\u00e9decin remplit ses obligations l\u00e9gales en faisant parvenir au patient un \u00ab\u00a0Justificatif de remboursement\u00a0\u00bb d\u00e9taill\u00e9. Ce document peut \u00eatre transmis, avec l\u2019accord du patient, par voie \u00e9lectronique. Certains \u00e9diteurs de logiciel de facturation ont introduit la syst\u00e9matisation du proc\u00e9d\u00e9, facilitant ainsi le travail administratif.<\/p>\n<p>La Commission, lorsqu\u2019elle est interpell\u00e9e directement par un patient, propose de principe au m\u00e9decin de prendre position, appliquant ainsi le droit d&rsquo;\u00eatre entendu des parties. Il faut rappeler ici que la Commission n\u2019est pas une autorit\u00e9 au sens juridique du terme, proposant une solution de r\u00e8glement \u00e0 l\u2019amiable du diff\u00e9rend.<\/p>\n<p>La CoMoHo doit r\u00e9guli\u00e8rement donner aux patients des explications d\u00e9taill\u00e9es concernant les libell\u00e9s des positions de la structure tarifaire conventionnelle TARMED, ainsi que des interpr\u00e9tations concernant les r\u00e8gles d\u2019application aux secr\u00e9tariats m\u00e9dicaux.<\/p>\n<p>La Commission d\u00e9plore cette ann\u00e9e encore le retard pris par le Conseil f\u00e9d\u00e9ral dans l\u2019introduction de la nouvelle structure tarifaire conventionnelle \u00ab\u00a0TARDOC\u00a0\u00bb, repr\u00e9sentant l\u2019\u00e9volution et la mise \u00e0 niveau de TARMED, celle-ci datant de la fin du si\u00e8cle dernier et n\u2019\u00e9tant plus le reflet de la pratique m\u00e9dicale actuelle.<\/p>\n<p>&nbsp;<\/p>\n<p><strong>Dr Charles A. Steinh\u00e4uslin &amp; Dr Olivier Husmann<\/strong><br \/>\nMembres de la Commission de mod\u00e9ration des honoraires<\/p>\n<p>Pour en savoir plus: <a href=\"https:\/\/www.svmed.ch\/association\/groupements-et-commissions\/\" target=\"_blank\" rel=\"noopener noreferrer\">composition de la Commission de mod\u00e9ration des honoraires<\/a><\/p>\n<\/div>","protected":false},"excerpt":{"rendered":"<p>Au cours de l\u2019ann\u00e9e 2022, la Commission de mod\u00e9ration des honoraires (CoMoHo) a trait\u00e9 plus d\u2019une soixantaine d\u2019interpellations, principalement par des patients consid\u00e9rant la facture des honoraires du m\u00e9decin trop \u00e9lev\u00e9e par rapport au ressenti de la prestation m\u00e9dicale fournie. Le nombre de dossiers g\u00e9r\u00e9s par la Commission demeure ainsi constant ces derni\u00e8res ann\u00e9es. Il [&hellip;]<\/p>\n","protected":false},"author":4,"featured_media":0,"parent":18,"menu_order":6,"comment_status":"closed","ping_status":"closed","template":"","meta":{"_acf_changed":false,"inline_featured_image":false,"footnotes":""},"class_list":["post-234","page","type-page","status-publish","hentry"],"acf":[],"publishpress_future_action":{"enabled":false,"date":"2026-04-20 15:33:36","action":"change-status","newStatus":"draft","terms":[],"taxonomy":"","extraData":[]},"publishpress_future_workflow_manual_trigger":{"enabledWorkflows":[]},"_links":{"self":[{"href":"https:\/\/www.svmed.ch\/rapport-2022\/wp-json\/wp\/v2\/pages\/234","targetHints":{"allow":["GET"]}}],"collection":[{"href":"https:\/\/www.svmed.ch\/rapport-2022\/wp-json\/wp\/v2\/pages"}],"about":[{"href":"https:\/\/www.svmed.ch\/rapport-2022\/wp-json\/wp\/v2\/types\/page"}],"author":[{"embeddable":true,"href":"https:\/\/www.svmed.ch\/rapport-2022\/wp-json\/wp\/v2\/users\/4"}],"replies":[{"embeddable":true,"href":"https:\/\/www.svmed.ch\/rapport-2022\/wp-json\/wp\/v2\/comments?post=234"}],"version-history":[{"count":23,"href":"https:\/\/www.svmed.ch\/rapport-2022\/wp-json\/wp\/v2\/pages\/234\/revisions"}],"predecessor-version":[{"id":1569,"href":"https:\/\/www.svmed.ch\/rapport-2022\/wp-json\/wp\/v2\/pages\/234\/revisions\/1569"}],"up":[{"embeddable":true,"href":"https:\/\/www.svmed.ch\/rapport-2022\/wp-json\/wp\/v2\/pages\/18"}],"wp:attachment":[{"href":"https:\/\/www.svmed.ch\/rapport-2022\/wp-json\/wp\/v2\/media?parent=234"}],"curies":[{"name":"wp","href":"https:\/\/api.w.org\/{rel}","templated":true}]}}