{"id":238,"date":"2019-05-01T14:12:34","date_gmt":"2019-05-01T12:12:34","guid":{"rendered":"https:\/\/www.svmed.ch\/rapport-2022\/?page_id=238"},"modified":"2023-02-06T18:02:00","modified_gmt":"2023-02-06T17:02:00","slug":"jvd","status":"publish","type":"page","link":"https:\/\/www.svmed.ch\/rapport-2022\/rapports\/jvd\/","title":{"rendered":"Commission de la formation continue"},"content":{"rendered":"<div class=\"the-content\"><p>Nous avons organis\u00e9 huit Jeudis de la Vaudoise (JVD) en 2022 dont les th\u00e8mes abord\u00e9s ont \u00e9t\u00e9 tr\u00e8s vari\u00e9s, \u00e0 savoir\u00a0:<\/p>\n<ol>\n<li>L\u2019avenir de la m\u00e9decine interne g\u00e9n\u00e9rale au cabinet;<\/li>\n<li>Infectiologie;<\/li>\n<li>Covid-19 : quels enseignements pour la m\u00e9decine interne g\u00e9n\u00e9rale apr\u00e8s deux ans;<\/li>\n<li>Nutrition : mythes et r\u00e9alit\u00e9;<\/li>\n<li>Approches manuelles dans les douleurs musculosquelettiques;<\/li>\n<li>Traumatismes psychiques li\u00e9s \u00e0 la migration ;<\/li>\n<li>Diab\u00e9tologie; et<\/li>\n<li>Ethique m\u00e9dicale.<\/li>\n<\/ol>\n<p>Apr\u00e8s deux ann\u00e9es en visioconf\u00e9rence, en lien avec la pand\u00e9mie de Covid-19, nous avons repris les JVD en pr\u00e9sentiel depuis mai 2022. Le retour aux r\u00e9unions en pr\u00e9sentiel a \u00e9t\u00e9 tr\u00e8s timide. L\u2019organisation des JVD n\u00e9cessite toute une infrastructure \u00e0 mettre en place plusieurs mois \u00e0 l\u2019avance (nombre de salles \u00e0 r\u00e9server, nombre d\u2019experts, etc.) ainsi que, les derniers jours, le nombre de \u00ab\u00a0caf\u00e9s-croissants\u00a0\u00bb \u00e0 commander. Tout ceci a un co\u00fbt. Il est donc important pour nous de conna\u00eetre suffisamment t\u00f4t le nombre de personnes qui seront en pr\u00e9sentiel aux JVD. C\u2019est pour cette raison que nous demandons pour chaque JVD aux m\u00e9decins s\u2019ils seront pr\u00e9sents physiquement ou pas. Leurs r\u00e9ponses sont d\u00e9terminantes et nous les en remercions.<\/p>\n<div id=\"attachment_1739\" style=\"width: 1210px\" class=\"wp-caption alignnone\"><img loading=\"lazy\" decoding=\"async\" aria-describedby=\"caption-attachment-1739\" class=\"wp-image-1739 size-full\" src=\"https:\/\/www.svmed.ch\/rapport-2022\/wp-content\/uploads\/sites\/28\/2023\/01\/svm-jdv-30ans-270619-web-17.jpg\" alt=\"\" width=\"1200\" height=\"800\" srcset=\"https:\/\/www.svmed.ch\/rapport-2022\/wp-content\/uploads\/sites\/28\/2023\/01\/svm-jdv-30ans-270619-web-17.jpg 1200w, https:\/\/www.svmed.ch\/rapport-2022\/wp-content\/uploads\/sites\/28\/2023\/01\/svm-jdv-30ans-270619-web-17-300x200.jpg 300w, https:\/\/www.svmed.ch\/rapport-2022\/wp-content\/uploads\/sites\/28\/2023\/01\/svm-jdv-30ans-270619-web-17-1024x683.jpg 1024w, https:\/\/www.svmed.ch\/rapport-2022\/wp-content\/uploads\/sites\/28\/2023\/01\/svm-jdv-30ans-270619-web-17-768x512.jpg 768w\" sizes=\"auto, (max-width: 1200px) 100vw, 1200px\" \/><p id=\"caption-attachment-1739\" class=\"wp-caption-text\"><em>\u00a9 Laurent Kaczor<\/em><\/p><\/div>\n<h2>Un format \u00e0 faire \u00e9voluer<\/h2>\n<p>A notre plus grande satisfaction, le succ\u00e8s des JVD reste tr\u00e8s important. Cependant, les difficult\u00e9s mentionn\u00e9es ci-dessus et un l\u00e9ger effritement de la fr\u00e9quentation durant l\u2019automne 2022 font poser la question du format \u00e0 donner \u00e0 ces JVD. Garder les JVD simultan\u00e9ment en pr\u00e9sentiel et en visioconf\u00e9rence est indispensable. Avec la visioconf\u00e9rence nous devenons \u00e9coresponsables, nous \u00e9conomisons sur les trajets et nous pouvons mieux g\u00e9rer notre temps (vie familiale et vie professionnelle). En pr\u00e9sentiel, nous retrouvons le sourire des coll\u00e8gues, nous sommes attentifs au langage corporel des uns et des autres, nous savourons la pause-caf\u00e9 et les \u00e9changes d\u2019id\u00e9es.<\/p>\n<p>Pour la plupart d\u2019entre nous, pouvoir m\u00e9langer les deux offres tout au long de l\u2019ann\u00e9e semble la solution id\u00e9ale. Il n\u2019en reste pas moins que le format des JVD doit \u00eatre repens\u00e9 pour s\u2019adapter aux besoins de chacune et chacun, et aux nouvelles technologies. Les sessions pl\u00e9ni\u00e8res sont \u00e0 maintenir. Les ateliers, qui ont fait le succ\u00e8s des JVD, doivent \u00eatre redimensionn\u00e9s. Nous allons explorer diff\u00e9rentes pistes pour l\u2019avenir : meilleure utilisation des plateformes num\u00e9riques ? Collaboration avec les r\u00e9gions plus p\u00e9riph\u00e9riques ? Collaboration avec d\u2019autres cantons ?<\/p>\n<h2>Changements au comit\u00e9<\/h2>\n<p>Je tiens \u00e0 remercier les membres de la commission et Mme Nathalie Panchaud, responsable de la formation continue \u00e0 la SVM, pour leur investissement passionn\u00e9 et sans faille. La Dre Anne-France Mayor, apr\u00e8s plus de dix ans dans le comit\u00e9, a r\u00e9pondu pr\u00e9sente pour affronter de nouveaux d\u00e9fis professionnels. Elle a \u00e9t\u00e9 remplac\u00e9e par la Dre Sanae Mazouri, install\u00e9e \u00e0 Eysins, avec des comp\u00e9tences sp\u00e9cifiques en cybersant\u00e9 et t\u00e9l\u00e9m\u00e9decine. Le Dr Julien Vaucher a \u00e9t\u00e9 nomm\u00e9 Professeur et m\u00e9decin-chef du D\u00e9partement de m\u00e9decine de l\u2019H\u00f4pital fribourgeois (HFR). Il sera remplac\u00e9 par le Dr David Gachoud, au b\u00e9n\u00e9fici\u00e9 d\u2019une formation en p\u00e9dagogie \u00e0 l\u2019Universit\u00e9 de Toronto, qui partage son activit\u00e9 de m\u00e9decin cadre entre le Service de m\u00e9decine interne du CHUV et l\u2019Unit\u00e9 p\u00e9dagogique de la Facult\u00e9 de Biologie et de M\u00e9decine.<\/p>\n<p>Nous nous r\u00e9jouissons de vous retrouver en 2023. Les JVD ayant lieu dans une capitale olympique, permettez-moi de citer le Baron Pierre de Coubertin\u00a0: \u00ab\u00a0L\u2019important c\u2019est de participer.\u00a0\u00bb<\/p>\n<p>&nbsp;<\/p>\n<p><strong>Prof. Olivier Lamy<\/strong><br \/>\nPr\u00e9sident de la Commission de la formation continue<\/p>\n<p>Pour en savoir plus: <a href=\"https:\/\/www.svmed.ch\/association\/groupements-et-commissions\/\" target=\"_blank\" rel=\"noopener noreferrer\">composition de la Commission de la formation continue<\/a><\/p>\n<\/div>","protected":false},"excerpt":{"rendered":"<p>Nous avons organis\u00e9 huit Jeudis de la Vaudoise (JVD) en 2022 dont les th\u00e8mes abord\u00e9s ont \u00e9t\u00e9 tr\u00e8s vari\u00e9s, \u00e0 savoir\u00a0: L\u2019avenir de la m\u00e9decine interne g\u00e9n\u00e9rale au cabinet; Infectiologie; Covid-19 : quels enseignements pour la m\u00e9decine interne g\u00e9n\u00e9rale apr\u00e8s deux ans; Nutrition : mythes et r\u00e9alit\u00e9; Approches manuelles dans les douleurs musculosquelettiques; Traumatismes psychiques [&hellip;]<\/p>\n","protected":false},"author":4,"featured_media":0,"parent":18,"menu_order":5,"comment_status":"closed","ping_status":"closed","template":"","meta":{"_acf_changed":false,"inline_featured_image":false,"footnotes":""},"class_list":["post-238","page","type-page","status-publish","hentry"],"acf":[],"publishpress_future_action":{"enabled":false,"date":"2026-04-20 15:32:39","action":"change-status","newStatus":"draft","terms":[],"taxonomy":"","extraData":[]},"publishpress_future_workflow_manual_trigger":{"enabledWorkflows":[]},"_links":{"self":[{"href":"https:\/\/www.svmed.ch\/rapport-2022\/wp-json\/wp\/v2\/pages\/238","targetHints":{"allow":["GET"]}}],"collection":[{"href":"https:\/\/www.svmed.ch\/rapport-2022\/wp-json\/wp\/v2\/pages"}],"about":[{"href":"https:\/\/www.svmed.ch\/rapport-2022\/wp-json\/wp\/v2\/types\/page"}],"author":[{"embeddable":true,"href":"https:\/\/www.svmed.ch\/rapport-2022\/wp-json\/wp\/v2\/users\/4"}],"replies":[{"embeddable":true,"href":"https:\/\/www.svmed.ch\/rapport-2022\/wp-json\/wp\/v2\/comments?post=238"}],"version-history":[{"count":23,"href":"https:\/\/www.svmed.ch\/rapport-2022\/wp-json\/wp\/v2\/pages\/238\/revisions"}],"predecessor-version":[{"id":1740,"href":"https:\/\/www.svmed.ch\/rapport-2022\/wp-json\/wp\/v2\/pages\/238\/revisions\/1740"}],"up":[{"embeddable":true,"href":"https:\/\/www.svmed.ch\/rapport-2022\/wp-json\/wp\/v2\/pages\/18"}],"wp:attachment":[{"href":"https:\/\/www.svmed.ch\/rapport-2022\/wp-json\/wp\/v2\/media?parent=238"}],"curies":[{"name":"wp","href":"https:\/\/api.w.org\/{rel}","templated":true}]}}