{"id":245,"date":"2019-05-01T14:23:02","date_gmt":"2019-05-01T12:23:02","guid":{"rendered":"https:\/\/www.svmed.ch\/rapport-2022\/?page_id=245"},"modified":"2023-02-06T18:02:00","modified_gmt":"2023-02-06T17:02:00","slug":"commission-de-deontologie","status":"publish","type":"page","link":"https:\/\/www.svmed.ch\/rapport-2022\/rapports\/commission-de-deontologie\/","title":{"rendered":"Commission de d\u00e9ontologie"},"content":{"rendered":"<div class=\"the-content\"><h2>Lent retour \u00e0 une situation normale<\/h2>\n<p>Apr\u00e8s deux ann\u00e9es fortement perturb\u00e9es par la pand\u00e9mie Covid, nos conditions de travail retrouvent progressivement une ambiance normale. Nous pouvons \u00e0 nouveau nous r\u00e9unir dans les locaux de la SVM sans contrainte spatiale et sans masque. Cela fait du bien de revoir l\u2019expression des visages lors de nos d\u00e9bats. L\u2019organisation et le d\u00e9roulement de notre activit\u00e9 ont repris leur vitesse de croisi\u00e8re comme avant la pand\u00e9mie.<\/p>\n<h2>La m\u00e9diation en premi\u00e8re ligne<\/h2>\n<p>Plusieurs affaires ont pu \u00eatre r\u00e9solues cette ann\u00e9e gr\u00e2ce \u00e0 une bonne m\u00e9diation. Dans son r\u00e8glement de proc\u00e9dure (Art. 19), la Commission de D\u00e9ontologie (CD) encourage de commencer toute proc\u00e9dure par une \u00e9tape de conciliation destin\u00e9e au rapprochement des parties en conflit avec, en cas de succ\u00e8s, une suppression de la plainte et un classement de l\u2019affaire. Une telle issue permet d\u2019\u00e9pargner du temps, de l\u2019\u00e9nergie et des frais pour les parties engag\u00e9es mais aussi pour la CD et ses membres. Cette m\u00e9diation peut se faire lors d\u2019une s\u00e9ance d\u2019audition, en comit\u00e9 restreint ou en plenum, avec les deux parties en conflit ou par l\u2019interm\u00e9diaire du m\u00e9diateur de la SVM.<\/p>\n<p><img loading=\"lazy\" decoding=\"async\" class=\"alignnone wp-image-1730\" src=\"https:\/\/www.svmed.ch\/rapport-2022\/wp-content\/uploads\/sites\/28\/2023\/01\/hippocrates-g410e5300c-1920.jpg\" alt=\"\" width=\"533\" height=\"800\" srcset=\"https:\/\/www.svmed.ch\/rapport-2022\/wp-content\/uploads\/sites\/28\/2023\/01\/hippocrates-g410e5300c-1920.jpg 1280w, https:\/\/www.svmed.ch\/rapport-2022\/wp-content\/uploads\/sites\/28\/2023\/01\/hippocrates-g410e5300c-1920-200x300.jpg 200w, https:\/\/www.svmed.ch\/rapport-2022\/wp-content\/uploads\/sites\/28\/2023\/01\/hippocrates-g410e5300c-1920-683x1024.jpg 683w, https:\/\/www.svmed.ch\/rapport-2022\/wp-content\/uploads\/sites\/28\/2023\/01\/hippocrates-g410e5300c-1920-768x1152.jpg 768w, https:\/\/www.svmed.ch\/rapport-2022\/wp-content\/uploads\/sites\/28\/2023\/01\/hippocrates-g410e5300c-1920-853x1280.jpg 853w, https:\/\/www.svmed.ch\/rapport-2022\/wp-content\/uploads\/sites\/28\/2023\/01\/hippocrates-g410e5300c-1920-1024x1536.jpg 1024w\" sizes=\"auto, (max-width: 533px) 100vw, 533px\" \/><\/p>\n<h2>Pas de changement au sein de la CD<\/h2>\n<p>Il n\u2019y a pas eu de changement au sein de la CD cette ann\u00e9e. Notons la r\u00e9\u00e9lection de notre greffi\u00e8re Me Ruf, dont l\u2019aide est toujours aussi pr\u00e9cieuse pour r\u00e9soudre nos affaires qui impliquent souvent des avocats. Je la remercie pour sa fid\u00e9lit\u00e9. La Prof. Schaller rempile quant \u00e0 elle pour un deuxi\u00e8me mandat de quatre ans, son exp\u00e9rience m\u00e9dicale et humaine nous \u00e9tant tr\u00e8s utile pour d\u00e9nouer nos affaires souvent compliqu\u00e9es. Je tiens \u00e9galement \u00e0 la remercier chaleureusement. Je profite aussi de remercier tous les membres de la Commission et notre secr\u00e9taire pour leur efficacit\u00e9 et le climat de travail agr\u00e9able r\u00e9gnant tout au long de l\u2019ann\u00e9e.<\/p>\n<p>J\u2019esp\u00e8re que cette nouvelle ann\u00e9e verra s\u2019apaiser le climat anxiog\u00e8ne entretenu par les nombreux conflits encore actifs sur notre petite plan\u00e8te bleue. Je vous adresse mes meilleurs v\u0153ux pour une ann\u00e9e 2023 paisible et remplie de joie.<\/p>\n<p>&nbsp;<\/p>\n<p><strong>Dr Yves Christen<\/strong><br \/>\nPr\u00e9sident de la Commission de d\u00e9ontologie<\/p>\n<p>Pour en savoir plus: <a href=\"https:\/\/www.svmed.ch\/association\/groupements-et-commissions\/\" target=\"_blank\" rel=\"noopener noreferrer\">composition de la Commission de d\u00e9ontologie<\/a><\/p>\n<\/div>","protected":false},"excerpt":{"rendered":"<p>Lent retour \u00e0 une situation normale Apr\u00e8s deux ann\u00e9es fortement perturb\u00e9es par la pand\u00e9mie Covid, nos conditions de travail retrouvent progressivement une ambiance normale. Nous pouvons \u00e0 nouveau nous r\u00e9unir dans les locaux de la SVM sans contrainte spatiale et sans masque. Cela fait du bien de revoir l\u2019expression des visages lors de nos d\u00e9bats. [&hellip;]<\/p>\n","protected":false},"author":4,"featured_media":0,"parent":18,"menu_order":4,"comment_status":"closed","ping_status":"closed","template":"","meta":{"_acf_changed":false,"inline_featured_image":false,"footnotes":""},"class_list":["post-245","page","type-page","status-publish","hentry"],"acf":[],"publishpress_future_action":{"enabled":false,"date":"2026-04-20 18:49:14","action":"change-status","newStatus":"draft","terms":[],"taxonomy":"","extraData":[]},"publishpress_future_workflow_manual_trigger":{"enabledWorkflows":[]},"_links":{"self":[{"href":"https:\/\/www.svmed.ch\/rapport-2022\/wp-json\/wp\/v2\/pages\/245","targetHints":{"allow":["GET"]}}],"collection":[{"href":"https:\/\/www.svmed.ch\/rapport-2022\/wp-json\/wp\/v2\/pages"}],"about":[{"href":"https:\/\/www.svmed.ch\/rapport-2022\/wp-json\/wp\/v2\/types\/page"}],"author":[{"embeddable":true,"href":"https:\/\/www.svmed.ch\/rapport-2022\/wp-json\/wp\/v2\/users\/4"}],"replies":[{"embeddable":true,"href":"https:\/\/www.svmed.ch\/rapport-2022\/wp-json\/wp\/v2\/comments?post=245"}],"version-history":[{"count":21,"href":"https:\/\/www.svmed.ch\/rapport-2022\/wp-json\/wp\/v2\/pages\/245\/revisions"}],"predecessor-version":[{"id":1731,"href":"https:\/\/www.svmed.ch\/rapport-2022\/wp-json\/wp\/v2\/pages\/245\/revisions\/1731"}],"up":[{"embeddable":true,"href":"https:\/\/www.svmed.ch\/rapport-2022\/wp-json\/wp\/v2\/pages\/18"}],"wp:attachment":[{"href":"https:\/\/www.svmed.ch\/rapport-2022\/wp-json\/wp\/v2\/media?parent=245"}],"curies":[{"name":"wp","href":"https:\/\/api.w.org\/{rel}","templated":true}]}}