{"id":247,"date":"2019-05-01T14:26:45","date_gmt":"2019-05-01T12:26:45","guid":{"rendered":"https:\/\/www.svmed.ch\/rapport-2022\/?page_id=247"},"modified":"2023-02-06T18:02:01","modified_gmt":"2023-02-06T17:02:01","slug":"fonds-de-prevoyance","status":"publish","type":"page","link":"https:\/\/www.svmed.ch\/rapport-2022\/rapports\/fonds-de-prevoyance\/","title":{"rendered":"Fonds de pr\u00e9voyance"},"content":{"rendered":"<div class=\"the-content\"><h2>Un Fonds de pr\u00e9voyance garanti \u00e0 100%<\/h2>\n<p>Les crises se suivent et ne se ressemblent pas. Apr\u00e8s la crise sanitaire du Covid-19, l\u2019ann\u00e9e 2022 a \u00e9t\u00e9 marqu\u00e9e par la crise \u00e9nerg\u00e9tique avec un impact fortement n\u00e9gatif sur les march\u00e9s financiers.<\/p>\n<p>Dans ce contexte, le Fonds de pr\u00e9voyance de la SVM offre une s\u00e9curit\u00e9 maximale gr\u00e2ce \u00e0 son mod\u00e8le d\u2019assurance compl\u00e8te. En effet, le contrat d\u2019assurance conclu avec Retraites Populaires garanti au Fonds de la SVM qu\u2019il pourra, en tout temps, faire face \u00e0 ses engagements. Ainsi son degr\u00e9 de couverture ne sera jamais inf\u00e9rieur \u00e0 100%, qu\u2019elles que soient les performances des march\u00e9s financiers.<\/p>\n<p>Cette particularit\u00e9 r\u00e9pond \u00e0 un r\u00e9el besoin de la client\u00e8le et permet au Fonds de poursuivre son d\u00e9veloppement pour atteindre 902 assur\u00e9s actifs et 137 pensionn\u00e9s \u00e0 la fin de l\u2019exercice 2022. Le rapport actifs \/ pensionn\u00e9s reste tr\u00e8s favorable avec 6.6 actifs pour 1 pensionn\u00e9.<\/p>\n<p>La r\u00e9mun\u00e9ration des avoirs des assur\u00e9s actifs s\u2019est \u00e9lev\u00e9e \u00e0 1% en 2022, contre 2.5% l\u2019ann\u00e9e pr\u00e9c\u00e9dente. L\u00e0 \u00e9galement la garantie du Fonds permet de r\u00e9mun\u00e9rer les capitaux lorsque les performances sont n\u00e9gatives.<\/p>\n<p><img loading=\"lazy\" decoding=\"async\" class=\"alignnone wp-image-1744\" src=\"https:\/\/www.svmed.ch\/rapport-2022\/wp-content\/uploads\/sites\/28\/2023\/02\/prevoyance-pexels-1024x683.png\" alt=\"\" width=\"750\" height=\"500\" srcset=\"https:\/\/www.svmed.ch\/rapport-2022\/wp-content\/uploads\/sites\/28\/2023\/02\/prevoyance-pexels-1024x683.png 1024w, https:\/\/www.svmed.ch\/rapport-2022\/wp-content\/uploads\/sites\/28\/2023\/02\/prevoyance-pexels-300x200.png 300w, https:\/\/www.svmed.ch\/rapport-2022\/wp-content\/uploads\/sites\/28\/2023\/02\/prevoyance-pexels-768x512.png 768w, https:\/\/www.svmed.ch\/rapport-2022\/wp-content\/uploads\/sites\/28\/2023\/02\/prevoyance-pexels-1920x1280.png 1920w, https:\/\/www.svmed.ch\/rapport-2022\/wp-content\/uploads\/sites\/28\/2023\/02\/prevoyance-pexels-1536x1024.png 1536w, https:\/\/www.svmed.ch\/rapport-2022\/wp-content\/uploads\/sites\/28\/2023\/02\/prevoyance-pexels-2048x1365.png 2048w\" sizes=\"auto, (max-width: 750px) 100vw, 750px\" \/><\/p>\n<h2>Plusieurs possibilit\u00e9s pour les m\u00e9decins ind\u00e9pendants<\/h2>\n<p>Les m\u00e9decins ind\u00e9pendants peuvent s\u2019affilier au Fonds de la SVM en tant qu\u2019ind\u00e9pendant ou avec leur personnel. Un large choix de plans de pr\u00e9voyance s\u2019offre \u00e0 eux, tant pour l\u2019\u00e9pargne retraite que pour la couverture des risques invalidit\u00e9s et d\u00e9c\u00e8s. Ces plans s\u2019adaptent \u00e0 la carri\u00e8re du m\u00e9decin, \u00e0 sa situation personnelle et financi\u00e8re. De plus, les rachats d\u2019ann\u00e9es permettent de combler des lacunes de pr\u00e9voyance li\u00e9es \u00e0 l\u2019entr\u00e9e parfois tardive dans le monde du travail.<\/p>\n<h2>Membres du Conseil de Fondation LPP<\/h2>\n<ul>\n<li>M. Pierre-Andr\u00e9 Repond, Pr\u00e9sident<\/li>\n<li>Dr Jean-Joseph Boillat<\/li>\n<li>M. Fr\u00e9d\u00e9ric Donati<\/li>\n<li>M. Pascal Fernandez<\/li>\n<li>Dr Patric Hagmann<\/li>\n<li>Dr Henri-Kim de Heller<\/li>\n<\/ul>\n<p>&nbsp;<\/p>\n<p><strong>Christophe Cavin<\/strong><br \/>\nDirecteur adjoint, Retraites Populaires<\/p>\n<p><a href=\"https:\/\/www.svmed.ch\/services\/prevoyance-professionnelle\/\" target=\"_blank\" rel=\"noopener noreferrer\">En savoir plus sur le Fonds de pr\u00e9voyance de la SVM<\/a><\/p>\n<\/div>","protected":false},"excerpt":{"rendered":"<p>Un Fonds de pr\u00e9voyance garanti \u00e0 100% Les crises se suivent et ne se ressemblent pas. Apr\u00e8s la crise sanitaire du Covid-19, l\u2019ann\u00e9e 2022 a \u00e9t\u00e9 marqu\u00e9e par la crise \u00e9nerg\u00e9tique avec un impact fortement n\u00e9gatif sur les march\u00e9s financiers. Dans ce contexte, le Fonds de pr\u00e9voyance de la SVM offre une s\u00e9curit\u00e9 maximale gr\u00e2ce [&hellip;]<\/p>\n","protected":false},"author":4,"featured_media":0,"parent":18,"menu_order":7,"comment_status":"closed","ping_status":"closed","template":"","meta":{"_acf_changed":false,"inline_featured_image":false,"footnotes":""},"class_list":["post-247","page","type-page","status-publish","hentry"],"acf":[],"publishpress_future_action":{"enabled":false,"date":"2026-04-26 15:20:30","action":"change-status","newStatus":"draft","terms":[],"taxonomy":"","extraData":[]},"publishpress_future_workflow_manual_trigger":{"enabledWorkflows":[]},"_links":{"self":[{"href":"https:\/\/www.svmed.ch\/rapport-2022\/wp-json\/wp\/v2\/pages\/247","targetHints":{"allow":["GET"]}}],"collection":[{"href":"https:\/\/www.svmed.ch\/rapport-2022\/wp-json\/wp\/v2\/pages"}],"about":[{"href":"https:\/\/www.svmed.ch\/rapport-2022\/wp-json\/wp\/v2\/types\/page"}],"author":[{"embeddable":true,"href":"https:\/\/www.svmed.ch\/rapport-2022\/wp-json\/wp\/v2\/users\/4"}],"replies":[{"embeddable":true,"href":"https:\/\/www.svmed.ch\/rapport-2022\/wp-json\/wp\/v2\/comments?post=247"}],"version-history":[{"count":23,"href":"https:\/\/www.svmed.ch\/rapport-2022\/wp-json\/wp\/v2\/pages\/247\/revisions"}],"predecessor-version":[{"id":1745,"href":"https:\/\/www.svmed.ch\/rapport-2022\/wp-json\/wp\/v2\/pages\/247\/revisions\/1745"}],"up":[{"embeddable":true,"href":"https:\/\/www.svmed.ch\/rapport-2022\/wp-json\/wp\/v2\/pages\/18"}],"wp:attachment":[{"href":"https:\/\/www.svmed.ch\/rapport-2022\/wp-json\/wp\/v2\/media?parent=247"}],"curies":[{"name":"wp","href":"https:\/\/api.w.org\/{rel}","templated":true}]}}