{"id":28,"date":"2019-04-09T11:42:23","date_gmt":"2019-04-09T09:42:23","guid":{"rendered":"https:\/\/www.svmed.ch\/rapport-2022\/?page_id=28"},"modified":"2023-01-13T10:00:19","modified_gmt":"2023-01-13T09:00:19","slug":"credits","status":"publish","type":"page","link":"https:\/\/www.svmed.ch\/rapport-2022\/credits\/","title":{"rendered":"Cr\u00e9dits"},"content":{"rendered":"<div class=\"the-content\"><div class=\"the-content\">\n<h4>Conception<\/h4>\n<p>Soci\u00e9t\u00e9 Vaudoise de M\u00e9decine (SVM) avec:<\/p>\n<ul>\n<li><a href=\"http:\/\/www.ftc.ch\" target=\"_blank\" rel=\"noopener noreferrer\">ftc communication SA<\/a>, conseil, strat\u00e9gie et contenu<\/li>\n<li><a href=\"http:\/\/www.ergopix.ch\" target=\"_blank\" rel=\"noopener noreferrer\">Ergopix S\u00e0rl<\/a>, webdesign et d\u00e9veloppement<\/li>\n<li><a href=\"https:\/\/haymoz.design\/\" target=\"_blank\" rel=\"noopener noreferrer\">Haymoz Design<\/a>, expertise design<\/li>\n<li><a href=\"http:\/\/www.praxo.ch\" target=\"_blank\" rel=\"noopener noreferrer\">Praxo S\u00e0rl<\/a>, expertise technique<\/li>\n<\/ul>\n<h4>Webmaster<\/h4>\n<p>Jonathan Geiser, SVM<\/p>\n<h4>Photos<\/h4>\n<ul>\n<li><a href=\"https:\/\/www.laurentkaczor.com\/\" target=\"_blank\" rel=\"noopener noreferrer\">Laurent Kaczor<\/a><\/li>\n<\/ul>\n<p>&nbsp;<\/p>\n<p>Suggestions et remarques: <a>&#119;e&#98;&#109;a&#115;&#116;er&#64;svme&#100;&#46;ch<\/a><\/p>\n<\/div>\n<\/div>","protected":false},"excerpt":{"rendered":"<p>Conception Soci\u00e9t\u00e9 Vaudoise de M\u00e9decine (SVM) avec: ftc communication SA, conseil, strat\u00e9gie et contenu Ergopix S\u00e0rl, webdesign et d\u00e9veloppement Haymoz Design, expertise design Praxo S\u00e0rl, expertise technique Webmaster Jonathan Geiser, SVM Photos Laurent Kaczor &nbsp; Suggestions et remarques: w&#101;&#98;mas&#116;&#101;r&#64;&#115;vmed.c&#104;<\/p>\n","protected":false},"author":1,"featured_media":0,"parent":0,"menu_order":0,"comment_status":"closed","ping_status":"closed","template":"","meta":{"_acf_changed":false,"inline_featured_image":false,"footnotes":""},"class_list":["post-28","page","type-page","status-publish","hentry"],"acf":[],"publishpress_future_action":{"enabled":false,"date":"2026-04-20 18:46:50","action":"change-status","newStatus":"draft","terms":[],"taxonomy":"","extraData":[]},"publishpress_future_workflow_manual_trigger":{"enabledWorkflows":[]},"_links":{"self":[{"href":"https:\/\/www.svmed.ch\/rapport-2022\/wp-json\/wp\/v2\/pages\/28","targetHints":{"allow":["GET"]}}],"collection":[{"href":"https:\/\/www.svmed.ch\/rapport-2022\/wp-json\/wp\/v2\/pages"}],"about":[{"href":"https:\/\/www.svmed.ch\/rapport-2022\/wp-json\/wp\/v2\/types\/page"}],"author":[{"embeddable":true,"href":"https:\/\/www.svmed.ch\/rapport-2022\/wp-json\/wp\/v2\/users\/1"}],"replies":[{"embeddable":true,"href":"https:\/\/www.svmed.ch\/rapport-2022\/wp-json\/wp\/v2\/comments?post=28"}],"version-history":[{"count":10,"href":"https:\/\/www.svmed.ch\/rapport-2022\/wp-json\/wp\/v2\/pages\/28\/revisions"}],"predecessor-version":[{"id":1537,"href":"https:\/\/www.svmed.ch\/rapport-2022\/wp-json\/wp\/v2\/pages\/28\/revisions\/1537"}],"wp:attachment":[{"href":"https:\/\/www.svmed.ch\/rapport-2022\/wp-json\/wp\/v2\/media?parent=28"}],"curies":[{"name":"wp","href":"https:\/\/api.w.org\/{rel}","templated":true}]}}