{"id":336,"date":"2019-05-20T17:31:29","date_gmt":"2019-05-20T15:31:29","guid":{"rendered":"https:\/\/www.svmed.ch\/rapport-2022\/?page_id=336"},"modified":"2025-09-17T18:27:35","modified_gmt":"2025-09-17T16:27:35","slug":"groupement-des-medecins-hospitaliers","status":"publish","type":"page","link":"https:\/\/www.svmed.ch\/rapport-2022\/rapports\/groupement-des-medecins-hospitaliers\/","title":{"rendered":"Groupement des m\u00e9decins hospitaliers"},"content":{"rendered":"<div class=\"the-content\"><p>Peut-\u00eatre que l\u2019ann\u00e9e 2022, rythm\u00e9e par huit r\u00e9unions du bureau, deux assembl\u00e9es des doyens et une assembl\u00e9e g\u00e9n\u00e9rale extraordinaire, aura \u00e9t\u00e9 une ann\u00e9e de transition vers la finalisation des trois principaux dossiers d\u2019int\u00e9r\u00eat majeur pour le GMH.<\/p>\n<h2>Convention collective de travail FHV-SVM<\/h2>\n<p>La commission paritaire FHV-SVM de relecture de la CCT a \u00e9t\u00e9 particuli\u00e8rement active tout au long de l\u2019ann\u00e9e en traitant surtout de l\u2019\u00e9pineuse question de la r\u00e9mun\u00e9ration. Ce th\u00e8me important a motiv\u00e9 une AG extraordinaire tenue en mai 2022, qui a permis de sonder en live les membres pr\u00e9sents. Le maintien de principes d\u2019une r\u00e9mun\u00e9ration variable associ\u00e9s \u00e0 des syst\u00e8mes d\u2019organisation transversaux et non pyramidaux a \u00e9t\u00e9 pl\u00e9biscit\u00e9 pour assurer l\u2019attractivit\u00e9 des postes de m\u00e9decins chefs dans les h\u00f4pitaux. Ceci reste un enjeu majeur en pr\u00e9vision de la possible p\u00e9nurie \u00e0 venir.<\/p>\n<p>Il faut souligner que suite \u00e0 des demandes r\u00e9p\u00e9t\u00e9es de la d\u00e9l\u00e9gation SVM, la commission paritaire FHV-SVM s\u2019est enfin dot\u00e9e d\u2019une pr\u00e9sidence neutre, en la personne du Dr Philippe Vuillemin. Les d\u00e9bats apparaissent d\u00e8s lors plus \u00e9quilibr\u00e9s, davantage rythm\u00e9s et encadr\u00e9s.<\/p>\n<p>La r\u00e9vision de cette CCT devrait aboutir en 2023, en esp\u00e9rant qu\u2019elle renforce le poids des principes d\u2019ind\u00e9pendance envers les vell\u00e9it\u00e9s d\u2019uniformisation contr\u00f4lante de l\u2019Etat.<\/p>\n<div id=\"attachment_1733\" style=\"width: 1077px\" class=\"wp-caption alignnone\"><img loading=\"lazy\" decoding=\"async\" aria-describedby=\"caption-attachment-1733\" class=\"wp-image-1733\" src=\"https:\/\/www.svmed.ch\/rapport-2022\/wp-content\/uploads\/sites\/28\/2023\/01\/20210318-svm-pole-sante-pays-denhaut-0062.jpg\" alt=\"\" width=\"1067\" height=\"800\" srcset=\"https:\/\/www.svmed.ch\/rapport-2022\/wp-content\/uploads\/sites\/28\/2023\/01\/20210318-svm-pole-sante-pays-denhaut-0062.jpg 2560w, https:\/\/www.svmed.ch\/rapport-2022\/wp-content\/uploads\/sites\/28\/2023\/01\/20210318-svm-pole-sante-pays-denhaut-0062-300x225.jpg 300w, https:\/\/www.svmed.ch\/rapport-2022\/wp-content\/uploads\/sites\/28\/2023\/01\/20210318-svm-pole-sante-pays-denhaut-0062-1024x768.jpg 1024w, https:\/\/www.svmed.ch\/rapport-2022\/wp-content\/uploads\/sites\/28\/2023\/01\/20210318-svm-pole-sante-pays-denhaut-0062-768x576.jpg 768w, https:\/\/www.svmed.ch\/rapport-2022\/wp-content\/uploads\/sites\/28\/2023\/01\/20210318-svm-pole-sante-pays-denhaut-0062-1707x1280.jpg 1707w, https:\/\/www.svmed.ch\/rapport-2022\/wp-content\/uploads\/sites\/28\/2023\/01\/20210318-svm-pole-sante-pays-denhaut-0062-1536x1152.jpg 1536w, https:\/\/www.svmed.ch\/rapport-2022\/wp-content\/uploads\/sites\/28\/2023\/01\/20210318-svm-pole-sante-pays-denhaut-0062-2048x1536.jpg 2048w\" sizes=\"auto, (max-width: 1067px) 100vw, 1067px\" \/><p id=\"caption-attachment-1733\" class=\"wp-caption-text\"><em>\u00a9 Laurent Kaczor<\/em><\/p><\/div>\n<h2>Planification hospitali\u00e8re<\/h2>\n<p>Par la singularit\u00e9 de cette ann\u00e9e \u00e9lectorale, ce dossier aura \u00e9t\u00e9, jusqu\u2019\u00e0 fin novembre et la publication de l\u2019appel d\u2019offres, souvent discut\u00e9 sur la base de suppositions. Depuis lors, le GMH est extr\u00eamement critique sur les conditions \u00e9mises relatives \u00e0 la gouvernance m\u00e9dicale et surtout au mod\u00e8le de r\u00e9mun\u00e9ration, tout en d\u00e9plorant que cet appel d\u2019offres n\u2019a pas \u00e9t\u00e9 adress\u00e9 \u00e0 la SVM. Si en 2022 nous avons effectu\u00e9 les efforts n\u00e9cessaires pour nous accorder sur bien des sujets avec la FHV, en 2023 nous devrons nous faire entendre sur le plan politique pour d\u00e9fendre nos int\u00e9r\u00eats.<\/p>\n<h2>R\u00e9forme de la LCA<\/h2>\n<p>Initi\u00e9es en 2021 par la cr\u00e9ation de la Task force SVM, les discussions des nouvelles modalit\u00e9s LCA avec les assureurs se sont envenim\u00e9es en 2022, les m\u00e9decins du GMH s\u2019\u00e9tant retrouv\u00e9s pris en \u00e9tau entre la n\u00e9cessit\u00e9 des institutions de renouveler leur convention hospitali\u00e8re et l\u2019empressement des assureurs de d\u00e9finir des nouveaux mod\u00e8les LCA pour les m\u00e9decins. Si bien que plusieurs assurances ont mis en suspens la r\u00e9ception d\u2019honoraires LCA pour tenter de mettre une pression jamais vue sur les m\u00e9decins. Celle-ci a heureusement pu \u00eatre lev\u00e9e en mettant en avant la volont\u00e9 d\u2019un mod\u00e8le LCA unique \u00e0 la SVM et avec la reprise des n\u00e9gociations \u00e0 l\u2019\u00e9chelle de l\u2019Association suisse des assureurs (ASA). Ces travaux doivent \u00eatre termin\u00e9s en 2023, les nouvelles conventions devant inclure la r\u00e9vision des mod\u00e8les m\u00e9dicaux d\u00e8s le 1er janvier 2024.<\/p>\n<p>Ces travaux ont \u00e9t\u00e9 men\u00e9s et discut\u00e9s dans le bureau du GMH, compos\u00e9 d\u2019une dizaine de membres repr\u00e9sentant les diff\u00e9rentes sp\u00e9cialit\u00e9s des principaux h\u00f4pitaux du canton. La d\u00e9fense des int\u00e9r\u00eats des m\u00e9decins agr\u00e9\u00e9s a \u00e9t\u00e9 port\u00e9 pendant plus de 15 ans par le Dr Arido Agrifoglio, qui a quitt\u00e9 le bureau du GMH en 2022 sous les remerciements unanimes pour son engagement et son apport pr\u00e9cieux.<\/p>\n<p>&nbsp;<\/p>\n<p><strong>Dr David Petermann<\/strong><br \/>\nPr\u00e9sident du Groupement des m\u00e9decins hospitaliers (GMH)<\/p>\n<p><a href=\"https:\/\/www.svmed.ch\/association\/groupements-et-commissions\/groupement-des-medecins-hospitaliers-gmh\/\" target=\"_blank\" rel=\"noopener noreferrer\">En savoir plus sur le GMH<\/a><\/p>\n<\/div>","protected":false},"excerpt":{"rendered":"<p>Peut-\u00eatre que l\u2019ann\u00e9e 2022, rythm\u00e9e par huit r\u00e9unions du bureau, deux assembl\u00e9es des doyens et une assembl\u00e9e g\u00e9n\u00e9rale extraordinaire, aura \u00e9t\u00e9 une ann\u00e9e de transition vers la finalisation des trois principaux dossiers d\u2019int\u00e9r\u00eat majeur pour le GMH. Convention collective de travail FHV-SVM La commission paritaire FHV-SVM de relecture de la CCT a \u00e9t\u00e9 particuli\u00e8rement active [&hellip;]<\/p>\n","protected":false},"author":4,"featured_media":0,"parent":18,"menu_order":9,"comment_status":"closed","ping_status":"closed","template":"","meta":{"_acf_changed":false,"inline_featured_image":false,"footnotes":""},"class_list":["post-336","page","type-page","status-publish","hentry"],"acf":[],"publishpress_future_action":{"enabled":false,"date":"2026-04-20 17:08:40","action":"change-status","newStatus":"draft","terms":[],"taxonomy":"","extraData":[]},"publishpress_future_workflow_manual_trigger":{"enabledWorkflows":[]},"_links":{"self":[{"href":"https:\/\/www.svmed.ch\/rapport-2022\/wp-json\/wp\/v2\/pages\/336","targetHints":{"allow":["GET"]}}],"collection":[{"href":"https:\/\/www.svmed.ch\/rapport-2022\/wp-json\/wp\/v2\/pages"}],"about":[{"href":"https:\/\/www.svmed.ch\/rapport-2022\/wp-json\/wp\/v2\/types\/page"}],"author":[{"embeddable":true,"href":"https:\/\/www.svmed.ch\/rapport-2022\/wp-json\/wp\/v2\/users\/4"}],"replies":[{"embeddable":true,"href":"https:\/\/www.svmed.ch\/rapport-2022\/wp-json\/wp\/v2\/comments?post=336"}],"version-history":[{"count":29,"href":"https:\/\/www.svmed.ch\/rapport-2022\/wp-json\/wp\/v2\/pages\/336\/revisions"}],"predecessor-version":[{"id":1732,"href":"https:\/\/www.svmed.ch\/rapport-2022\/wp-json\/wp\/v2\/pages\/336\/revisions\/1732"}],"up":[{"embeddable":true,"href":"https:\/\/www.svmed.ch\/rapport-2022\/wp-json\/wp\/v2\/pages\/18"}],"wp:attachment":[{"href":"https:\/\/www.svmed.ch\/rapport-2022\/wp-json\/wp\/v2\/media?parent=336"}],"curies":[{"name":"wp","href":"https:\/\/api.w.org\/{rel}","templated":true}]}}