{"id":34,"date":"2019-04-09T12:13:31","date_gmt":"2019-04-09T10:13:31","guid":{"rendered":"https:\/\/www.svmed.ch\/rapport-2022\/?page_id=34"},"modified":"2023-04-03T11:03:21","modified_gmt":"2023-04-03T09:03:21","slug":"bilan-du-president-de-la-svm","status":"publish","type":"page","link":"https:\/\/www.svmed.ch\/rapport-2022\/bilan-du-president-de-la-svm\/","title":{"rendered":"Bilan du pr\u00e9sident de la SVM"},"content":{"rendered":"<div class=\"the-content\"><p>L\u2019ann\u00e9e 2022 de la SVM fut \u00e0 nouveau un mill\u00e9sime riche, autant du point de vue de notre vie associative que de l\u2019environnement multi-dimensionnel dans lequel les m\u00e9decins vaudois \u00e9voluent. La lecture des diff\u00e9rents textes de ce rapport, que je recommande vivement, vous en donnera l\u2019aper\u00e7u.<\/p>\n<p>Avant toutes choses, je veux ici d\u2019abord relever la carri\u00e8re exceptionnelle de notre secr\u00e9taire g\u00e9n\u00e9ral sortant, Pierre-Andr\u00e9 Repond, qui aura servi avec d\u00e9vouement le corps m\u00e9dical vaudois pendant pas moins d\u2019un quart de si\u00e8cle\u00a0! Au nom de l\u2019ensemble de la SVM, qui lui doit tant, je lui adresse encore une fois un immense merci. Bienvenue et merci \u00e9galement \u00e0 notre nouveau secr\u00e9taire g\u00e9n\u00e9ral Steve Aeschlimann, qui a su pendant quatre mois \u00eatre l\u2019autre bin\u00f4me parfait d\u2019une p\u00e9riode de transition r\u00e9ussie et qui va maintenant pouvoir nous faire profiter de ses comp\u00e9tences.<\/p>\n<div id=\"attachment_1763\" style=\"width: 2570px\" class=\"wp-caption alignnone\"><img loading=\"lazy\" decoding=\"async\" aria-describedby=\"caption-attachment-1763\" class=\"wp-image-1763 size-full\" src=\"https:\/\/www.svmed.ch\/rapport-2022\/wp-content\/uploads\/sites\/28\/2023\/02\/jsvm-2022-repond-aeschlimann.png\" alt=\"\" width=\"2560\" height=\"1726\" srcset=\"https:\/\/www.svmed.ch\/rapport-2022\/wp-content\/uploads\/sites\/28\/2023\/02\/jsvm-2022-repond-aeschlimann.png 2560w, https:\/\/www.svmed.ch\/rapport-2022\/wp-content\/uploads\/sites\/28\/2023\/02\/jsvm-2022-repond-aeschlimann-300x202.png 300w, https:\/\/www.svmed.ch\/rapport-2022\/wp-content\/uploads\/sites\/28\/2023\/02\/jsvm-2022-repond-aeschlimann-1024x690.png 1024w, https:\/\/www.svmed.ch\/rapport-2022\/wp-content\/uploads\/sites\/28\/2023\/02\/jsvm-2022-repond-aeschlimann-768x518.png 768w, https:\/\/www.svmed.ch\/rapport-2022\/wp-content\/uploads\/sites\/28\/2023\/02\/jsvm-2022-repond-aeschlimann-1898x1280.png 1898w, https:\/\/www.svmed.ch\/rapport-2022\/wp-content\/uploads\/sites\/28\/2023\/02\/jsvm-2022-repond-aeschlimann-1536x1036.png 1536w, https:\/\/www.svmed.ch\/rapport-2022\/wp-content\/uploads\/sites\/28\/2023\/02\/jsvm-2022-repond-aeschlimann-2048x1381.png 2048w\" sizes=\"auto, (max-width: 2560px) 100vw, 2560px\" \/><p id=\"caption-attachment-1763\" class=\"wp-caption-text\"><em>Steve Aeschlimann (\u00e0 gauche) a succ\u00e9d\u00e9 \u00e0 la fin de l&rsquo;ann\u00e9e 2022 \u00e0 Pierre-Andr\u00e9 Repond (\u00e0 droite) au poste de secr\u00e9taire g\u00e9n\u00e9ral de la SVM. \u00a9 Laurent Kaczor<\/em><\/p><\/div>\n<h2>Se repenser et bien informer pour mieux f\u00e9d\u00e9rer<\/h2>\n<p>Plus qu\u2019un prestataire de services \u00e0 ses membres, la SVM est aussi une petite d\u00e9mocratie qui doit p\u00e9riodiquement prendre le temps de red\u00e9finir son modus vivendi. Avec quelques soubresauts, le processus de r\u00e9vision du R\u00e8glement de l\u2019Assembl\u00e9e des D\u00e9l\u00e9gu\u00e9s s\u2019est poursuivi en 2022 et l\u2019on peut raisonnablement esp\u00e9rer que 2023 marque son aboutissement. Il ne s\u2019agira toutefois que d\u2019une \u00e9tape dans une adaptation n\u00e9cessaire du fonctionnement de notre soci\u00e9t\u00e9 m\u00e9dicale. Les enjeux professionnels, politiques et soci\u00e9taux sont nombreux et de taille et il est de plus en plus difficile de faire entendre la voix du corps m\u00e9dical aupr\u00e8s des appareils administratifs de nos partenaires priv\u00e9s et publics, dont les effectifs et les moyens croissent bien plus vite que les co\u00fbts de la sant\u00e9&#8230;<\/p>\n<p>Pour rester un interlocuteur fiable, cr\u00e9dible et capable d\u2019influencer les conditions-cadre d\u2019exercice de la m\u00e9decine, notre soci\u00e9t\u00e9 ne doit, elle, pas forc\u00e9ment s\u2019alourdir. Il y a d\u2019ailleurs dans l\u2019ADN du m\u00e9decin des g\u00e8nes de libert\u00e9, de responsabilit\u00e9 et d\u2019esprit entrepreneurial assez peu compatibles avec une d\u00e9l\u00e9gation syst\u00e9matique de comp\u00e9tences ou une all\u00e9geance trop prononc\u00e9e \u00e0 son association professionnelle. Par contre, la SVM doit peut-\u00eatre s\u2019efforcer de f\u00e9d\u00e9rer encore davantage les \u00e9nergies individuelles de ses membres. Pour 2023, qui sera ma derni\u00e8re ann\u00e9e compl\u00e8te de pr\u00e9sidence, favoriser notre dynamique collective future quitte \u00e0 repenser le partage des r\u00f4les sera l\u2019une des priorit\u00e9s du comit\u00e9. Et cela consiste aussi \u00e0 faciliter pour tous nos membres la connaissance des enjeux dont ils doivent se pr\u00e9occuper, comme nous l\u2019avons en partie d\u00e9j\u00e0 fait avec notre nouveau magazine DOC, d\u00e9but 2022.<\/p>\n<h2>Hausse de la valeur du point \u00e0 revendiquer<\/h2>\n<p>Du c\u00f4t\u00e9 de notre environnement imm\u00e9diat, soit le syst\u00e8me de sant\u00e9 vaudois, il faut \u00e9videmment relever que l\u2019ann\u00e9e 2022 a d\u2019abord \u00e9t\u00e9 marqu\u00e9e par les \u00e9lections cantonales et le changement de majorit\u00e9 du Conseil d\u2019Etat, engendrant pour qui son lot d\u2019espoirs, pour qui son lot de craintes. Cette nouvelle r\u00e9alit\u00e9 obligera \u00e0 repenser certaines approches pour les cinq prochaines ann\u00e9es au moins, mais il faut r\u00e9affirmer \u00e0 celles et ceux qui en douteraient que les m\u00e9decins, toutes sp\u00e9cialit\u00e9s confondues, sont d\u2019abord en blanc et que la SVM n\u2019a pas de couleur politique. Depuis toujours d\u2019ailleurs, elle accueille toutes les sensibilit\u00e9s et discute avec tous les partis.<\/p>\n<p>A cet \u00e9gard, la m\u00e8re des batailles des prochains mois pour l\u2019ensemble des m\u00e9decins vaudois install\u00e9s (ou qui souhaiteront s\u2019installer ces prochaines ann\u00e9es) est clairement celle de la valeur du point. Avec une augmentation continue des charges des cabinets aggrav\u00e9es par l\u2019inflation, il y a lieu non seulement de s\u2019opposer \u00e0 toute nouvelle tentative de baisse, mais de revendiquer d\u00e9sormais une hausse justifi\u00e9e (voir le tableau publi\u00e9 dans le magazine <a href=\"https:\/\/www.svmed.ch\/doc-mag\/vers-une-hausse-compensatoire-de-la-valeur-du-point-en-2024\/\" target=\"_blank\" rel=\"noopener\">DOC #5<\/a>). Celle-ci l\u2019est d\u2019ailleurs autant \u00e0 titre \u00ab \u00e9go\u00efste \u00bb pour que les m\u00e9decins install\u00e9s puissent un jour travailler moins que 60h\/semaine pour faire tourner leur cabinet, qu\u2019\u00e0 titre solidaire vis-\u00e0-vis des coll\u00e8gues hospitaliers toujours davantage accapar\u00e9s par des urgences mal orient\u00e9es, ainsi qu\u2019\u00e0 titre altruiste, travaillant souvent au-del\u00e0 de l\u2019\u00e2ge de la retraite (voir le dossier \u00e0 ce sujet dans le <a href=\"https:\/\/www.svmed.ch\/doc-mag\/dossiers\/65-ans-passes-et-toujours-en-activite\/\" target=\"_blank\" rel=\"noopener\">DOC #5<\/a>) pour \u00e9viter\u00a0d\u2019aggraver la p\u00e9nurie de m\u00e9decins dont la population a d\u00e9j\u00e0 commenc\u00e9 \u00e0 p\u00e2tir.<\/p>\n<p>Cette lutte contre la p\u00e9nurie, justement, est peut-\u00eatre le combat commun que le corps m\u00e9dical vaudois pourra mener avec ses autorit\u00e9s cantonales. Une fois n\u2019est pas coutume, il faut ainsi saluer la collaboration mise en place avec le DSAS en 2022 dans le dossier, ironie du sort, de la clause du besoin\u2026 et les premi\u00e8res d\u00e9cisions du Conseil d\u2019Etat qui a d\u00e9j\u00e0 renonc\u00e9 \u00e0 r\u00e9guler l\u2019admission des m\u00e9decins de premier recours. Tous les autres cantons n\u2019ont pas encore fait preuve de la m\u00eame lucidit\u00e9.<\/p>\n<div id=\"attachment_1751\" style=\"width: 1905px\" class=\"wp-caption alignnone\"><img loading=\"lazy\" decoding=\"async\" aria-describedby=\"caption-attachment-1751\" class=\"wp-image-1751 size-full\" src=\"https:\/\/www.svmed.ch\/rapport-2022\/wp-content\/uploads\/sites\/28\/2023\/02\/eggimann.png\" alt=\"\" width=\"1895\" height=\"1707\" srcset=\"https:\/\/www.svmed.ch\/rapport-2022\/wp-content\/uploads\/sites\/28\/2023\/02\/eggimann.png 1895w, https:\/\/www.svmed.ch\/rapport-2022\/wp-content\/uploads\/sites\/28\/2023\/02\/eggimann-300x270.png 300w, https:\/\/www.svmed.ch\/rapport-2022\/wp-content\/uploads\/sites\/28\/2023\/02\/eggimann-1024x922.png 1024w, https:\/\/www.svmed.ch\/rapport-2022\/wp-content\/uploads\/sites\/28\/2023\/02\/eggimann-768x692.png 768w, https:\/\/www.svmed.ch\/rapport-2022\/wp-content\/uploads\/sites\/28\/2023\/02\/eggimann-1421x1280.png 1421w, https:\/\/www.svmed.ch\/rapport-2022\/wp-content\/uploads\/sites\/28\/2023\/02\/eggimann-1536x1384.png 1536w\" sizes=\"auto, (max-width: 1895px) 100vw, 1895px\" \/><p id=\"caption-attachment-1751\" class=\"wp-caption-text\"><em>\u00a9 Laurent Kaczor<\/em><\/p><\/div>\n<h2>Les \u00e9lections f\u00e9d\u00e9rales rimeront-elles avec collaboration m\u00e9dicale\u00a0?<\/h2>\n<p>Pour la troisi\u00e8me plus grande soci\u00e9t\u00e9 cantonale de m\u00e9decine de Suisse que nous sommes, s\u2019int\u00e9resser aux affaires f\u00e9d\u00e9rales et tenter d\u2019y jouer un r\u00f4le actif est enfin aussi n\u00e9cessaire. Je rel\u00e8ve qu\u2019en 2022, peu de signaux positifs sont venus de Berne, o\u00f9 l\u2019agenda parlementaire rec\u00e8le actuellement bien plus que risques que de chances pour notre corporation, comme pour la prise en charge m\u00e9dicale de la population. On ne peut donc qu\u2019esp\u00e9rer que les \u00e9lections f\u00e9d\u00e9rales de cet automne d\u00e9bouchent sur une \u00e8re plus collaborative et constructive entre le corps m\u00e9dical et le D\u00e9partement f\u00e9d\u00e9ral de l\u2019int\u00e9rieur, que ce que nous avons v\u00e9cu, pour ne pas dire subi, lors des 10 derni\u00e8res ann\u00e9es.<\/p>\n<p>Pour conclure, bravo \u00e9videmment \u00e0 tous nos membres, m\u00e9decins hospitaliers et install\u00e9s, qui qui se sont \u00e0 nouveau mobilis\u00e9s avec une \u00e9nergie admirable en cette sortie de pand\u00e9mie pour soigner ou suivre des centaines de milliers de malades du coronavirus, tout en reprenant progressivement le fil d\u2019une activit\u00e9 m\u00e9dicale plus normale. Nos patients savent ce que nous faisons pour eux, et cela restera toujours le plus important.<\/p>\n<p><strong>Dr Philippe Eggimann, pr\u00e9sident de la SVM<\/strong><\/p>\n<\/div>","protected":false},"excerpt":{"rendered":"<p>L\u2019ann\u00e9e 2022 de la SVM fut \u00e0 nouveau un mill\u00e9sime riche, autant du point de vue de notre vie associative que de l\u2019environnement multi-dimensionnel dans lequel les m\u00e9decins vaudois \u00e9voluent. La lecture des diff\u00e9rents textes de ce rapport, que je recommande vivement, vous en donnera l\u2019aper\u00e7u. Avant toutes choses, je veux ici d\u2019abord relever la [&hellip;]<\/p>\n","protected":false},"author":1,"featured_media":0,"parent":0,"menu_order":0,"comment_status":"closed","ping_status":"closed","template":"","meta":{"_acf_changed":false,"inline_featured_image":false,"footnotes":""},"class_list":["post-34","page","type-page","status-publish","hentry"],"acf":[],"publishpress_future_action":{"enabled":false,"date":"2026-04-26 13:12:22","action":"change-status","newStatus":"draft","terms":[],"taxonomy":"","extraData":[]},"publishpress_future_workflow_manual_trigger":{"enabledWorkflows":[]},"_links":{"self":[{"href":"https:\/\/www.svmed.ch\/rapport-2022\/wp-json\/wp\/v2\/pages\/34","targetHints":{"allow":["GET"]}}],"collection":[{"href":"https:\/\/www.svmed.ch\/rapport-2022\/wp-json\/wp\/v2\/pages"}],"about":[{"href":"https:\/\/www.svmed.ch\/rapport-2022\/wp-json\/wp\/v2\/types\/page"}],"author":[{"embeddable":true,"href":"https:\/\/www.svmed.ch\/rapport-2022\/wp-json\/wp\/v2\/users\/1"}],"replies":[{"embeddable":true,"href":"https:\/\/www.svmed.ch\/rapport-2022\/wp-json\/wp\/v2\/comments?post=34"}],"version-history":[{"count":39,"href":"https:\/\/www.svmed.ch\/rapport-2022\/wp-json\/wp\/v2\/pages\/34\/revisions"}],"predecessor-version":[{"id":1844,"href":"https:\/\/www.svmed.ch\/rapport-2022\/wp-json\/wp\/v2\/pages\/34\/revisions\/1844"}],"wp:attachment":[{"href":"https:\/\/www.svmed.ch\/rapport-2022\/wp-json\/wp\/v2\/media?parent=34"}],"curies":[{"name":"wp","href":"https:\/\/api.w.org\/{rel}","templated":true}]}}